{"id":234,"date":"2026-02-25T02:33:16","date_gmt":"2026-02-25T01:33:16","guid":{"rendered":"https:\/\/maisonlussera.com\/?post_type=product&#038;p=234"},"modified":"2026-03-30T12:38:03","modified_gmt":"2026-03-30T11:38:03","slug":"parure-lussera","status":"publish","type":"product","link":"https:\/\/maisonlussera.com\/ar\/product\/parure-lussera\/","title":{"rendered":"Parure Lussera"},"content":{"rendered":"<p><a href=\"https:\/\/i0.wp.com\/maisonlussera.com\/wp-content\/uploads\/2026\/02\/image_viber_2026-02-25_01-38-44-235.jpg?ssl=1\"><img data-recalc-dims=\"1\" fetchpriority=\"high\" decoding=\"async\" class=\"aligncenter wp-image-241 size-full\" src=\"https:\/\/i0.wp.com\/maisonlussera.com\/wp-content\/uploads\/2026\/02\/image_viber_2026-02-25_01-38-44-235.jpg?resize=800%2C1200&#038;ssl=1\" alt=\"\" width=\"800\" height=\"1200\" srcset=\"https:\/\/i0.wp.com\/maisonlussera.com\/wp-content\/uploads\/2026\/02\/image_viber_2026-02-25_01-38-44-235.jpg?w=1024&amp;ssl=1 1024w, https:\/\/i0.wp.com\/maisonlussera.com\/wp-content\/uploads\/2026\/02\/image_viber_2026-02-25_01-38-44-235.jpg?resize=600%2C900&amp;ssl=1 600w, https:\/\/i0.wp.com\/maisonlussera.com\/wp-content\/uploads\/2026\/02\/image_viber_2026-02-25_01-38-44-235.jpg?resize=200%2C300&amp;ssl=1 200w, https:\/\/i0.wp.com\/maisonlussera.com\/wp-content\/uploads\/2026\/02\/image_viber_2026-02-25_01-38-44-235.jpg?resize=683%2C1024&amp;ssl=1 683w, https:\/\/i0.wp.com\/maisonlussera.com\/wp-content\/uploads\/2026\/02\/image_viber_2026-02-25_01-38-44-235.jpg?resize=768%2C1152&amp;ssl=1 768w\" sizes=\"(max-width: 800px) 100vw, 800px\" \/><\/a><\/p>\n<p style=\"text-align: center;\"><span style=\"color: #993300;\">D\u00e9couvrez la parure LUSSERA, con\u00e7ue pour sublimer chaque d\u00e9tail de votre \u00e9l\u00e9gance. Compos\u00e9e d\u2019un collier et d\u2019une paire de boucles d\u2019oreilles assorties, cette cr\u00e9ation incarne le raffinement moderne et le luxe intemporel.<\/span><a href=\"https:\/\/maisonlussera.com\/wp-content\/uploads\/2026\/02\/ChatGPT-Image-Feb-25-2026-01_38_49-AM.png\"><br \/>\n<\/a><a href=\"https:\/\/i0.wp.com\/maisonlussera.com\/wp-content\/uploads\/2026\/02\/ChatGPT-Image-Feb-25-2026-01_38_49-AM.png?ssl=1\"><img data-recalc-dims=\"1\" decoding=\"async\" class=\"aligncenter wp-image-243 size-full lazyload\" data-src=\"https:\/\/i0.wp.com\/maisonlussera.com\/wp-content\/uploads\/2026\/02\/ChatGPT-Image-Feb-25-2026-01_38_49-AM.png?resize=800%2C1200&#038;ssl=1\" alt=\"\" width=\"800\" height=\"1200\" data-srcset=\"https:\/\/i0.wp.com\/maisonlussera.com\/wp-content\/uploads\/2026\/02\/ChatGPT-Image-Feb-25-2026-01_38_49-AM.png?w=1024&amp;ssl=1 1024w, https:\/\/i0.wp.com\/maisonlussera.com\/wp-content\/uploads\/2026\/02\/ChatGPT-Image-Feb-25-2026-01_38_49-AM.png?resize=600%2C900&amp;ssl=1 600w, https:\/\/i0.wp.com\/maisonlussera.com\/wp-content\/uploads\/2026\/02\/ChatGPT-Image-Feb-25-2026-01_38_49-AM.png?resize=200%2C300&amp;ssl=1 200w, https:\/\/i0.wp.com\/maisonlussera.com\/wp-content\/uploads\/2026\/02\/ChatGPT-Image-Feb-25-2026-01_38_49-AM.png?resize=683%2C1024&amp;ssl=1 683w, https:\/\/i0.wp.com\/maisonlussera.com\/wp-content\/uploads\/2026\/02\/ChatGPT-Image-Feb-25-2026-01_38_49-AM.png?resize=768%2C1152&amp;ssl=1 768w\" data-sizes=\"(max-width: 800px) 100vw, 800px\" src=\"data:image\/svg+xml;base64,PHN2ZyB3aWR0aD0iMSIgaGVpZ2h0PSIxIiB4bWxucz0iaHR0cDovL3d3dy53My5vcmcvMjAwMC9zdmciPjwvc3ZnPg==\" style=\"--smush-placeholder-width: 800px; --smush-placeholder-aspect-ratio: 800\/1200;\" \/><\/a><\/p>\n<h2 style=\"text-align: center;\" data-pm-slice=\"0 0 []\"><strong><span style=\"color: #993300;\">Prestations &amp; Finitions<\/span><\/strong><\/h2>\n<p style=\"text-align: center;\"><span style=\"color: #993300;\"><strong>\u2022 Zircon 5A haute qualit\u00e9<\/strong>,\u00e9clat intense et puret\u00e9 remarquable<\/span><\/p>\n<p style=\"text-align: center;\"><span style=\"color: #993300;\"><strong>\u2022 Finition en or blanc inalt\u00e9rable<\/strong>, brillance durable et r\u00e9sistance \u00e0 l\u2019oxydation<\/span><\/p>\n<p style=\"text-align: center;\"><span style=\"color: #993300;\"><strong>\u2022 Hypoallerg\u00e9nique,<\/strong> con\u00e7u pour respecter les peaux sensibles<\/span><\/p>\n<p style=\"text-align: center;\"><span style=\"color: #993300;\"><strong>\u2022 Sertissage pr\u00e9cis<\/strong> pour une tenue parfaite des pierres<\/span><\/p>\n<p style=\"text-align: center;\"><span style=\"color: #993300;\"><strong>\u2022 Design raffin\u00e9 et lumineux<\/strong>, id\u00e9al pour les grandes occasions comme pour les moments pr\u00e9cieux<\/span><\/p>\n<p><a href=\"https:\/\/i0.wp.com\/maisonlussera.com\/wp-content\/uploads\/2026\/02\/image_viber_2026-02-25_02-03-45-703.jpg?ssl=1\"><img data-recalc-dims=\"1\" decoding=\"async\" class=\"aligncenter wp-image-247 size-full lazyload\" data-src=\"https:\/\/i0.wp.com\/maisonlussera.com\/wp-content\/uploads\/2026\/02\/image_viber_2026-02-25_02-03-45-703.jpg?resize=800%2C1335&#038;ssl=1\" alt=\"\" width=\"800\" height=\"1335\" data-srcset=\"https:\/\/i0.wp.com\/maisonlussera.com\/wp-content\/uploads\/2026\/02\/image_viber_2026-02-25_02-03-45-703.jpg?w=1079&amp;ssl=1 1079w, https:\/\/i0.wp.com\/maisonlussera.com\/wp-content\/uploads\/2026\/02\/image_viber_2026-02-25_02-03-45-703.jpg?resize=600%2C1001&amp;ssl=1 600w, https:\/\/i0.wp.com\/maisonlussera.com\/wp-content\/uploads\/2026\/02\/image_viber_2026-02-25_02-03-45-703.jpg?resize=180%2C300&amp;ssl=1 180w, https:\/\/i0.wp.com\/maisonlussera.com\/wp-content\/uploads\/2026\/02\/image_viber_2026-02-25_02-03-45-703.jpg?resize=614%2C1024&amp;ssl=1 614w, https:\/\/i0.wp.com\/maisonlussera.com\/wp-content\/uploads\/2026\/02\/image_viber_2026-02-25_02-03-45-703.jpg?resize=768%2C1281&amp;ssl=1 768w, https:\/\/i0.wp.com\/maisonlussera.com\/wp-content\/uploads\/2026\/02\/image_viber_2026-02-25_02-03-45-703.jpg?resize=921%2C1536&amp;ssl=1 921w\" data-sizes=\"(max-width: 800px) 100vw, 800px\" src=\"data:image\/svg+xml;base64,PHN2ZyB3aWR0aD0iMSIgaGVpZ2h0PSIxIiB4bWxucz0iaHR0cDovL3d3dy53My5vcmcvMjAwMC9zdmciPjwvc3ZnPg==\" style=\"--smush-placeholder-width: 800px; --smush-placeholder-aspect-ratio: 800\/1335;\" \/><\/a><\/p>\n<h3 style=\"text-align: center;\"><strong><span style=\"color: #993300;\">Exclusivit\u00e9<\/span><\/strong><\/h3>\n<p style=\"text-align: center;\" data-start=\"770\" data-end=\"964\"><span style=\"color: #993300;\">\u00c9dition exclusive en quantit\u00e9 limit\u00e9e.<\/span><br data-start=\"808\" data-end=\"811\" \/><span style=\"color: #993300;\">Chaque parure est soigneusement contr\u00f4l\u00e9e et livr\u00e9e avec sa <strong data-start=\"871\" data-end=\"895\">carte d\u2019authenticit\u00e9<\/strong>, garantissant la qualit\u00e9 des mat\u00e9riaux et la finesse de fabrication.<\/span><\/p>\n<p style=\"text-align: center;\" data-start=\"966\" data-end=\"1040\"><span style=\"color: #993300;\">Un bijou pens\u00e9 pour celles qui recherchent distinction, \u00e9clat et raret\u00e9 !<\/span><\/p>","protected":false},"excerpt":{"rendered":"<p>L\u2019excellence \u00e0 l\u2019\u00e9tat pur.<br \/>\nUne parure d\u2019exception en zircon 5A, sublim\u00e9e par une finition en or blanc inalt\u00e9rable&#8230;\u00e9clat absolu, raffinement intemporel, prestige sans compromis.<br \/>\nFaites rayonner votre \u00e9l\u00e9gance, <strong>commandez d\u00e8s maintenant!<\/strong><\/p>","protected":false},"featured_media":244,"comment_status":"open","ping_status":"closed","template":"","meta":[],"product_brand":[],"product_cat":[34,20,17,22,46],"product_tag":[25,31,36,24,29],"class_list":{"0":"post-234","1":"product","2":"type-product","3":"status-publish","4":"has-post-thumbnail","6":"product_cat-bagues","7":"product_cat-bracelets","8":"product_cat-colliers","9":"product_cat-parures","10":"product_cat-trio","11":"product_tag-bijoux","12":"product_tag-mariage","13":"product_tag-occasions","14":"product_tag-parure","15":"product_tag-zircon","17":"first","18":"instock","19":"shipping-taxable","20":"purchasable","21":"product-type-simple"},"_links":{"self":[{"href":"https:\/\/maisonlussera.com\/ar\/wp-json\/wp\/v2\/product\/234","targetHints":{"allow":["GET"]}}],"collection":[{"href":"https:\/\/maisonlussera.com\/ar\/wp-json\/wp\/v2\/product"}],"about":[{"href":"https:\/\/maisonlussera.com\/ar\/wp-json\/wp\/v2\/types\/product"}],"replies":[{"embeddable":true,"href":"https:\/\/maisonlussera.com\/ar\/wp-json\/wp\/v2\/comments?post=234"}],"wp:featuredmedia":[{"embeddable":true,"href":"https:\/\/maisonlussera.com\/ar\/wp-json\/wp\/v2\/media\/244"}],"wp:attachment":[{"href":"https:\/\/maisonlussera.com\/ar\/wp-json\/wp\/v2\/media?parent=234"}],"wp:term":[{"taxonomy":"product_brand","embeddable":true,"href":"https:\/\/maisonlussera.com\/ar\/wp-json\/wp\/v2\/product_brand?post=234"},{"taxonomy":"product_cat","embeddable":true,"href":"https:\/\/maisonlussera.com\/ar\/wp-json\/wp\/v2\/product_cat?post=234"},{"taxonomy":"product_tag","embeddable":true,"href":"https:\/\/maisonlussera.com\/ar\/wp-json\/wp\/v2\/product_tag?post=234"}],"curies":[{"name":"wp","href":"https:\/\/api.w.org\/{rel}","templated":true}]}}