{"id":203,"date":"2025-12-27T00:24:35","date_gmt":"2025-12-26T23:24:35","guid":{"rendered":"https:\/\/maisonlussera.com\/?post_type=product&#038;p=203"},"modified":"2026-03-30T12:43:04","modified_gmt":"2026-03-30T11:43:04","slug":"bague-ovalis","status":"publish","type":"product","link":"https:\/\/maisonlussera.com\/ar\/product\/bague-ovalis\/","title":{"rendered":"Bague Ovalis"},"content":{"rendered":"<div style=\"width: 800px;\" class=\"wp-video\"><video class=\"wp-video-shortcode\" id=\"video-203-1\" width=\"800\" height=\"800\" loop autoplay preload=\"auto\" controls=\"controls\"><source type=\"video\/mp4\" src=\"https:\/\/maisonlussera.com\/wp-content\/uploads\/2025\/12\/0052479b5f5443ffa27e9b6f06a39461.HD-1080p-7.2Mbps-60555208.mp4?_=1\" \/><a href=\"https:\/\/maisonlussera.com\/wp-content\/uploads\/2025\/12\/0052479b5f5443ffa27e9b6f06a39461.HD-1080p-7.2Mbps-60555208.mp4\">https:\/\/maisonlussera.com\/wp-content\/uploads\/2025\/12\/0052479b5f5443ffa27e9b6f06a39461.HD-1080p-7.2Mbps-60555208.mp4<\/a><\/video><\/div>\n<p><a href=\"https:\/\/i0.wp.com\/maisonlussera.com\/wp-content\/uploads\/2025\/12\/4.jpeg?ssl=1\"><img data-recalc-dims=\"1\" fetchpriority=\"high\" decoding=\"async\" class=\"aligncenter wp-image-206 size-large\" src=\"https:\/\/i0.wp.com\/maisonlussera.com\/wp-content\/uploads\/2025\/12\/4.jpeg?resize=800%2C800&#038;ssl=1\" alt=\"\" width=\"800\" height=\"800\" srcset=\"https:\/\/i0.wp.com\/maisonlussera.com\/wp-content\/uploads\/2025\/12\/4.jpeg?resize=1024%2C1024&amp;ssl=1 1024w, https:\/\/i0.wp.com\/maisonlussera.com\/wp-content\/uploads\/2025\/12\/4.jpeg?resize=250%2C250&amp;ssl=1 250w, https:\/\/i0.wp.com\/maisonlussera.com\/wp-content\/uploads\/2025\/12\/4.jpeg?resize=100%2C100&amp;ssl=1 100w, https:\/\/i0.wp.com\/maisonlussera.com\/wp-content\/uploads\/2025\/12\/4.jpeg?resize=600%2C600&amp;ssl=1 600w, https:\/\/i0.wp.com\/maisonlussera.com\/wp-content\/uploads\/2025\/12\/4.jpeg?resize=300%2C300&amp;ssl=1 300w, https:\/\/i0.wp.com\/maisonlussera.com\/wp-content\/uploads\/2025\/12\/4.jpeg?resize=150%2C150&amp;ssl=1 150w, https:\/\/i0.wp.com\/maisonlussera.com\/wp-content\/uploads\/2025\/12\/4.jpeg?resize=768%2C768&amp;ssl=1 768w, https:\/\/i0.wp.com\/maisonlussera.com\/wp-content\/uploads\/2025\/12\/4.jpeg?w=1200&amp;ssl=1 1200w\" sizes=\"(max-width: 800px) 100vw, 800px\" \/><\/a><\/p>\n<div style=\"width: 800px;\" class=\"wp-video\"><video class=\"wp-video-shortcode\" id=\"video-203-2\" width=\"800\" height=\"800\" preload=\"metadata\" controls=\"controls\"><source type=\"video\/mp4\" src=\"https:\/\/maisonlussera.com\/wp-content\/uploads\/2025\/12\/7bbc36d8d3b44df3b1ec6043eb65e9a9.HD-1080p-7.2Mbps-33713219.mp4?_=2\" \/><a href=\"https:\/\/maisonlussera.com\/wp-content\/uploads\/2025\/12\/7bbc36d8d3b44df3b1ec6043eb65e9a9.HD-1080p-7.2Mbps-33713219.mp4\">https:\/\/maisonlussera.com\/wp-content\/uploads\/2025\/12\/7bbc36d8d3b44df3b1ec6043eb65e9a9.HD-1080p-7.2Mbps-33713219.mp4<\/a><\/video><\/div>\n<p style=\"text-align: center;\"><a href=\"https:\/\/i0.wp.com\/maisonlussera.com\/wp-content\/uploads\/2025\/12\/5.jpeg?ssl=1\"><img data-recalc-dims=\"1\" decoding=\"async\" class=\"aligncenter wp-image-207 size-full lazyload\" data-src=\"https:\/\/i0.wp.com\/maisonlussera.com\/wp-content\/uploads\/2025\/12\/5.jpeg?resize=800%2C800&#038;ssl=1\" alt=\"\" width=\"800\" height=\"800\" data-srcset=\"https:\/\/i0.wp.com\/maisonlussera.com\/wp-content\/uploads\/2025\/12\/5.jpeg?w=1000&amp;ssl=1 1000w, https:\/\/i0.wp.com\/maisonlussera.com\/wp-content\/uploads\/2025\/12\/5.jpeg?resize=250%2C250&amp;ssl=1 250w, https:\/\/i0.wp.com\/maisonlussera.com\/wp-content\/uploads\/2025\/12\/5.jpeg?resize=100%2C100&amp;ssl=1 100w, https:\/\/i0.wp.com\/maisonlussera.com\/wp-content\/uploads\/2025\/12\/5.jpeg?resize=600%2C600&amp;ssl=1 600w, https:\/\/i0.wp.com\/maisonlussera.com\/wp-content\/uploads\/2025\/12\/5.jpeg?resize=300%2C300&amp;ssl=1 300w, https:\/\/i0.wp.com\/maisonlussera.com\/wp-content\/uploads\/2025\/12\/5.jpeg?resize=150%2C150&amp;ssl=1 150w, https:\/\/i0.wp.com\/maisonlussera.com\/wp-content\/uploads\/2025\/12\/5.jpeg?resize=768%2C768&amp;ssl=1 768w\" data-sizes=\"(max-width: 800px) 100vw, 800px\" src=\"data:image\/svg+xml;base64,PHN2ZyB3aWR0aD0iMSIgaGVpZ2h0PSIxIiB4bWxucz0iaHR0cDovL3d3dy53My5vcmcvMjAwMC9zdmciPjwvc3ZnPg==\" style=\"--smush-placeholder-width: 800px; --smush-placeholder-aspect-ratio: 800\/800;\" \/><span style=\"color: #800080;\"><strong>Soyez Curieux pour le packaging !<\/strong><\/span><\/a><\/p>","protected":false},"excerpt":{"rendered":"<p data-start=\"131\" data-end=\"415\">L\u2019essence du solitaire, dans sa forme la plus pure.<br data-start=\"186\" data-end=\"189\" \/>Argent 925 sublim\u00e9 par un rin\u00e7age en or 18K, sertissant un zircon 6A de 4,5 carats \u00e0 l\u2019\u00e9clat magistral, digne des plus grandes pi\u00e8ces de joaillerie.<br data-start=\"347\" data-end=\"350\" \/>Brillance durable, couleur inalt\u00e9rable, garantie incluse.<\/p>\n<p data-start=\"131\" data-end=\"415\"><em data-start=\"1013\" data-end=\"1064\">Parce que certains choix ne se r\u00e9fl\u00e9chissent pas.<\/em><br data-start=\"1064\" data-end=\"1067\" \/>Choisissez l\u2019exception<\/p>","protected":false},"featured_media":220,"comment_status":"open","ping_status":"closed","template":"","meta":[],"product_brand":[],"product_cat":[34,20,17,22,46],"product_tag":[],"class_list":{"0":"post-203","1":"product","2":"type-product","3":"status-publish","4":"has-post-thumbnail","6":"product_cat-bagues","7":"product_cat-bracelets","8":"product_cat-colliers","9":"product_cat-parures","10":"product_cat-trio","12":"first","13":"instock","14":"shipping-taxable","15":"purchasable","16":"product-type-simple"},"_links":{"self":[{"href":"https:\/\/maisonlussera.com\/ar\/wp-json\/wp\/v2\/product\/203","targetHints":{"allow":["GET"]}}],"collection":[{"href":"https:\/\/maisonlussera.com\/ar\/wp-json\/wp\/v2\/product"}],"about":[{"href":"https:\/\/maisonlussera.com\/ar\/wp-json\/wp\/v2\/types\/product"}],"replies":[{"embeddable":true,"href":"https:\/\/maisonlussera.com\/ar\/wp-json\/wp\/v2\/comments?post=203"}],"wp:featuredmedia":[{"embeddable":true,"href":"https:\/\/maisonlussera.com\/ar\/wp-json\/wp\/v2\/media\/220"}],"wp:attachment":[{"href":"https:\/\/maisonlussera.com\/ar\/wp-json\/wp\/v2\/media?parent=203"}],"wp:term":[{"taxonomy":"product_brand","embeddable":true,"href":"https:\/\/maisonlussera.com\/ar\/wp-json\/wp\/v2\/product_brand?post=203"},{"taxonomy":"product_cat","embeddable":true,"href":"https:\/\/maisonlussera.com\/ar\/wp-json\/wp\/v2\/product_cat?post=203"},{"taxonomy":"product_tag","embeddable":true,"href":"https:\/\/maisonlussera.com\/ar\/wp-json\/wp\/v2\/product_tag?post=203"}],"curies":[{"name":"wp","href":"https:\/\/api.w.org\/{rel}","templated":true}]}}